{"id":6132,"date":"2022-02-21T09:31:42","date_gmt":"2022-02-21T08:31:42","guid":{"rendered":"https:\/\/www.pfarrplatz.at\/?page_id=6132"},"modified":"2024-03-18T13:55:45","modified_gmt":"2024-03-18T12:55:45","slug":"legal-information","status":"publish","type":"page","link":"https:\/\/pfarrwirt.pfarrplatz.vollwerbung.at\/en\/legal-information\/","title":{"rendered":"Legal Information"},"content":{"rendered":"<div class=\"fusion-fullwidth fullwidth-box fusion-builder-row-1 fusion-flex-container nonhundred-percent-fullwidth non-hundred-percent-height-scrolling\" style=\"--awb-border-radius-top-left:0px;--awb-border-radius-top-right:0px;--awb-border-radius-bottom-right:0px;--awb-border-radius-bottom-left:0px;--awb-padding-top:50px;--awb-flex-wrap:wrap;\" ><div class=\"fusion-builder-row fusion-row fusion-flex-align-items-flex-start fusion-flex-content-wrap\" style=\"max-width:104%;margin-left: calc(-4% \/ 2 );margin-right: calc(-4% \/ 2 );\"><div class=\"fusion-layout-column fusion_builder_column fusion-builder-column-0 fusion_builder_column_1_2 1_2 fusion-flex-column\" style=\"--awb-bg-blend:overlay;--awb-bg-size:cover;--awb-width-large:50%;--awb-margin-top-large:0px;--awb-spacing-right-large:3.84%;--awb-margin-bottom-large:0px;--awb-spacing-left-large:3.84%;--awb-width-medium:50%;--awb-spacing-right-medium:3.84%;--awb-spacing-left-medium:3.84%;--awb-width-small:100%;--awb-spacing-right-small:1.92%;--awb-spacing-left-small:1.92%;\"><div class=\"fusion-column-wrapper fusion-flex-justify-content-flex-start fusion-content-layout-column\"><div class=\"fusion-text fusion-text-1\" style=\"--awb-text-transform:none;\"><p><strong>OFFENLEGUNG NACH \u00a7 25 MEDIENGESETZ<br \/>\nKENNZEICHNUNG NACH UGB und ECG<\/strong><\/p>\n<p><strong>Inhaber der Seite<\/strong><\/p>\n<p>Pfarrplatz Gastronomiebetriebs GmbH<br \/>\nPfarrplatz 2<br \/>\n1190 Wien<\/p>\n<p><strong>Vertretungsbefugte Organe<\/strong><\/p>\n<p>Clemens Keller<br \/>\nFreddy Schmid<\/p>\n<p><strong>Kontaktinformationen<\/strong><\/p>\n<p>Telefon: 0043 1 370 12 87<br \/>\ne-mail: info@pfarrplatz.at<br \/>\nFirmenbuchnummer: FN 95985f<br \/>\nUID Nummer: ATU 15707402<\/p>\n<p><strong>Zust\u00e4ndige Stellen<\/strong><\/p>\n<p>Firmenbuchgericht: Handelsgericht Wien<br \/>\nAufsichtsbeh\u00f6rde: Magistrat\/Gewerbebeh\u00f6rde der Stadt Wien<br \/>\nAnwendbare Rechtsvorschriften: Gewerbeordnung (GewO) unter www.ris.bka.gv.at<br \/>\nKammer: Wirtschaftskammer Wien, Sparte Gastronomie<\/p>\n<p><strong>T\u00e4tigkeitsbereich<\/strong><\/p>\n<p>Gastronomie<\/p>\n<\/div><\/div><\/div><div class=\"fusion-layout-column fusion_builder_column fusion-builder-column-1 fusion_builder_column_1_2 1_2 fusion-flex-column\" style=\"--awb-bg-blend:overlay;--awb-bg-size:cover;--awb-width-large:50%;--awb-margin-top-large:0px;--awb-spacing-right-large:3.84%;--awb-margin-bottom-large:0px;--awb-spacing-left-large:3.84%;--awb-width-medium:50%;--awb-spacing-right-medium:3.84%;--awb-spacing-left-medium:3.84%;--awb-width-small:100%;--awb-spacing-right-small:1.92%;--awb-spacing-left-small:1.92%;\"><div class=\"fusion-column-wrapper fusion-flex-justify-content-flex-start fusion-content-layout-column\"><div class=\"fusion-text fusion-text-2\" style=\"--awb-text-transform:none;\"><p><strong style=\"color: var(--body_typography-color); font-family: var(--body_typography-font-family); font-size: var(--body_typography-font-size); letter-spacing: var(--body_typography-letter-spacing);\">Richtung der Website \u201eBlattlinie\u201c<\/strong><\/p>\n<p>Die Webseite www.pfarrwirt.com dient nur der Bewerbung und dem Verkauf von Waren und der Darstellung des Unternehmens.<\/p>\n<p><strong>Hinweise und Haftungsausschluss<\/strong><br \/>\nIm Hinblick auf die technischen Eigenschaften des Internet kann keine Gew\u00e4hr f\u00fcr die Authentizit\u00e4t, Richtigkeit und Vollst\u00e4ndigkeit der im Internet zur Verf\u00fcgung gestellten Informationen \u00fcbernommen werden. Es wird auch keine Gew\u00e4hr f\u00fcr die Verf\u00fcgbarkeit oder den Betrieb der gegenst\u00e4ndlichen Homepage und ihrer Inhalte \u00fcbernommen. Jede Haftung f\u00fcr unmittelbare, mittelbare oder sonstige Sch\u00e4den, unabh\u00e4ngig von deren Ursachen, die aus der Benutzung oder Nichtverf\u00fcgbarkeit der Daten und Informationen dieser Homepage erwachsen, wird, soweit rechtlich zul\u00e4ssig, ausgeschlossen. Der Inhalt dieser Homepage ist urheberrechtlich gesch\u00fctzt. Die Informationen sind nur f\u00fcr die pers\u00f6nliche Verwendung bestimmt. Jede weitergehende Nutzung insbesondere die Speicherung in Datenbanken, Vervielf\u00e4ltigung und jede Form von gewerblicher Nutzung sowie die Weitergabe an Dritte &#8211; auch in Teilen oder in \u00fcberarbeiteter Form &#8211; ohne Zustimmung der jeweiligen Organisation ist untersagt. Jede Einbindung einzelner Seiten unseres Angebotes in fremde Frames ist zu unterlassen. Soweit im Content personenbezogene Bezeichnungen nur in m\u00e4nnlicher Form angef\u00fchrt sind, beziehen sie sich auf Frauen und M\u00e4nner in gleicher Weise.<\/p>\n<\/div><\/div><\/div><\/div><\/div>\n","protected":false},"excerpt":{"rendered":"","protected":false},"author":584,"featured_media":0,"parent":0,"menu_order":0,"comment_status":"closed","ping_status":"closed","template":"","meta":{"_acf_changed":false,"footnotes":""},"class_list":["post-6132","page","type-page","status-publish","hentry"],"acf":[],"yoast_head":"<!-- This site is optimized with the Yoast SEO plugin v27.4 - https:\/\/yoast.com\/product\/yoast-seo-wordpress\/ -->\n<title>Legal Information - Restaurant Pfarrwirt<\/title>\n<meta name=\"robots\" content=\"index, follow, max-snippet:-1, max-image-preview:large, max-video-preview:-1\" \/>\n<link rel=\"canonical\" href=\"https:\/\/pfarrwirt.pfarrplatz.vollwerbung.at\/en\/legal-information\/\" \/>\n<meta property=\"og:locale\" content=\"en_US\" \/>\n<meta property=\"og:type\" content=\"article\" \/>\n<meta property=\"og:title\" content=\"Legal Information - Restaurant Pfarrwirt\" \/>\n<meta property=\"og:url\" content=\"https:\/\/pfarrwirt.pfarrplatz.vollwerbung.at\/en\/legal-information\/\" \/>\n<meta property=\"og:site_name\" content=\"Restaurant Pfarrwirt\" \/>\n<meta property=\"article:publisher\" content=\"https:\/\/www.facebook.com\/mayerampfarrplatz\" \/>\n<meta property=\"article:modified_time\" content=\"2024-03-18T12:55:45+00:00\" \/>\n<meta name=\"twitter:card\" content=\"summary_large_image\" \/>\n<meta name=\"twitter:label1\" content=\"Est. reading time\" \/>\n\t<meta name=\"twitter:data1\" content=\"3 minutes\" \/>\n<script type=\"application\/ld+json\" class=\"yoast-schema-graph\">{\"@context\":\"https:\\\/\\\/schema.org\",\"@graph\":[{\"@type\":\"WebPage\",\"@id\":\"https:\\\/\\\/pfarrwirt.pfarrplatz.vollwerbung.at\\\/en\\\/legal-information\\\/\",\"url\":\"https:\\\/\\\/pfarrwirt.pfarrplatz.vollwerbung.at\\\/en\\\/legal-information\\\/\",\"name\":\"Legal Information - Restaurant Pfarrwirt\",\"isPartOf\":{\"@id\":\"https:\\\/\\\/pfarrwirt.pfarrplatz.vollwerbung.at\\\/#website\"},\"datePublished\":\"2022-02-21T08:31:42+00:00\",\"dateModified\":\"2024-03-18T12:55:45+00:00\",\"breadcrumb\":{\"@id\":\"https:\\\/\\\/pfarrwirt.pfarrplatz.vollwerbung.at\\\/en\\\/legal-information\\\/#breadcrumb\"},\"inLanguage\":\"en-US\",\"potentialAction\":[{\"@type\":\"ReadAction\",\"target\":[\"https:\\\/\\\/pfarrwirt.pfarrplatz.vollwerbung.at\\\/en\\\/legal-information\\\/\"]}]},{\"@type\":\"BreadcrumbList\",\"@id\":\"https:\\\/\\\/pfarrwirt.pfarrplatz.vollwerbung.at\\\/en\\\/legal-information\\\/#breadcrumb\",\"itemListElement\":[{\"@type\":\"ListItem\",\"position\":1,\"name\":\"Startseite\",\"item\":\"https:\\\/\\\/pfarrwirt.pfarrplatz.vollwerbung.at\\\/en\\\/\"},{\"@type\":\"ListItem\",\"position\":2,\"name\":\"Legal Information\"}]},{\"@type\":\"WebSite\",\"@id\":\"https:\\\/\\\/pfarrwirt.pfarrplatz.vollwerbung.at\\\/#website\",\"url\":\"https:\\\/\\\/pfarrwirt.pfarrplatz.vollwerbung.at\\\/\",\"name\":\"Restaurant Pfarrwirt\",\"description\":\"Das \u00e4lteste Wirtshaus Wiens.\",\"publisher\":{\"@id\":\"https:\\\/\\\/pfarrwirt.pfarrplatz.vollwerbung.at\\\/#organization\"},\"alternateName\":\"Das \u00e4lteste Wirtshaus Wien\",\"potentialAction\":[{\"@type\":\"SearchAction\",\"target\":{\"@type\":\"EntryPoint\",\"urlTemplate\":\"https:\\\/\\\/pfarrwirt.pfarrplatz.vollwerbung.at\\\/?s={search_term_string}\"},\"query-input\":{\"@type\":\"PropertyValueSpecification\",\"valueRequired\":true,\"valueName\":\"search_term_string\"}}],\"inLanguage\":\"en-US\"},{\"@type\":\"Organization\",\"@id\":\"https:\\\/\\\/pfarrwirt.pfarrplatz.vollwerbung.at\\\/#organization\",\"name\":\"Restaurant Pfarrwirt\",\"url\":\"https:\\\/\\\/pfarrwirt.pfarrplatz.vollwerbung.at\\\/\",\"logo\":{\"@type\":\"ImageObject\",\"inLanguage\":\"en-US\",\"@id\":\"https:\\\/\\\/pfarrwirt.pfarrplatz.vollwerbung.at\\\/#\\\/schema\\\/logo\\\/image\\\/\",\"url\":\"https:\\\/\\\/pfarrwirt.pfarrplatz.vollwerbung.at\\\/wp-content\\\/uploads\\\/sites\\\/27\\\/2022\\\/09\\\/P05_logo_braun.png\",\"contentUrl\":\"https:\\\/\\\/pfarrwirt.pfarrplatz.vollwerbung.at\\\/wp-content\\\/uploads\\\/sites\\\/27\\\/2022\\\/09\\\/P05_logo_braun.png\",\"width\":457,\"height\":600,\"caption\":\"Restaurant Pfarrwirt\"},\"image\":{\"@id\":\"https:\\\/\\\/pfarrwirt.pfarrplatz.vollwerbung.at\\\/#\\\/schema\\\/logo\\\/image\\\/\"},\"sameAs\":[\"https:\\\/\\\/www.facebook.com\\\/mayerampfarrplatz\",\"https:\\\/\\\/www.instagram.com\\\/mayerampfarrplatz.pfarrwirt\\\/\"]}]}<\/script>\n<!-- \/ Yoast SEO plugin. -->","yoast_head_json":{"title":"Legal Information - Restaurant Pfarrwirt","robots":{"index":"index","follow":"follow","max-snippet":"max-snippet:-1","max-image-preview":"max-image-preview:large","max-video-preview":"max-video-preview:-1"},"canonical":"https:\/\/pfarrwirt.pfarrplatz.vollwerbung.at\/en\/legal-information\/","og_locale":"en_US","og_type":"article","og_title":"Legal Information - Restaurant Pfarrwirt","og_url":"https:\/\/pfarrwirt.pfarrplatz.vollwerbung.at\/en\/legal-information\/","og_site_name":"Restaurant Pfarrwirt","article_publisher":"https:\/\/www.facebook.com\/mayerampfarrplatz","article_modified_time":"2024-03-18T12:55:45+00:00","twitter_card":"summary_large_image","twitter_misc":{"Est. reading time":"3 minutes"},"schema":{"@context":"https:\/\/schema.org","@graph":[{"@type":"WebPage","@id":"https:\/\/pfarrwirt.pfarrplatz.vollwerbung.at\/en\/legal-information\/","url":"https:\/\/pfarrwirt.pfarrplatz.vollwerbung.at\/en\/legal-information\/","name":"Legal Information - Restaurant Pfarrwirt","isPartOf":{"@id":"https:\/\/pfarrwirt.pfarrplatz.vollwerbung.at\/#website"},"datePublished":"2022-02-21T08:31:42+00:00","dateModified":"2024-03-18T12:55:45+00:00","breadcrumb":{"@id":"https:\/\/pfarrwirt.pfarrplatz.vollwerbung.at\/en\/legal-information\/#breadcrumb"},"inLanguage":"en-US","potentialAction":[{"@type":"ReadAction","target":["https:\/\/pfarrwirt.pfarrplatz.vollwerbung.at\/en\/legal-information\/"]}]},{"@type":"BreadcrumbList","@id":"https:\/\/pfarrwirt.pfarrplatz.vollwerbung.at\/en\/legal-information\/#breadcrumb","itemListElement":[{"@type":"ListItem","position":1,"name":"Startseite","item":"https:\/\/pfarrwirt.pfarrplatz.vollwerbung.at\/en\/"},{"@type":"ListItem","position":2,"name":"Legal Information"}]},{"@type":"WebSite","@id":"https:\/\/pfarrwirt.pfarrplatz.vollwerbung.at\/#website","url":"https:\/\/pfarrwirt.pfarrplatz.vollwerbung.at\/","name":"Restaurant Pfarrwirt","description":"Das \u00e4lteste Wirtshaus Wiens.","publisher":{"@id":"https:\/\/pfarrwirt.pfarrplatz.vollwerbung.at\/#organization"},"alternateName":"Das \u00e4lteste Wirtshaus Wien","potentialAction":[{"@type":"SearchAction","target":{"@type":"EntryPoint","urlTemplate":"https:\/\/pfarrwirt.pfarrplatz.vollwerbung.at\/?s={search_term_string}"},"query-input":{"@type":"PropertyValueSpecification","valueRequired":true,"valueName":"search_term_string"}}],"inLanguage":"en-US"},{"@type":"Organization","@id":"https:\/\/pfarrwirt.pfarrplatz.vollwerbung.at\/#organization","name":"Restaurant Pfarrwirt","url":"https:\/\/pfarrwirt.pfarrplatz.vollwerbung.at\/","logo":{"@type":"ImageObject","inLanguage":"en-US","@id":"https:\/\/pfarrwirt.pfarrplatz.vollwerbung.at\/#\/schema\/logo\/image\/","url":"https:\/\/pfarrwirt.pfarrplatz.vollwerbung.at\/wp-content\/uploads\/sites\/27\/2022\/09\/P05_logo_braun.png","contentUrl":"https:\/\/pfarrwirt.pfarrplatz.vollwerbung.at\/wp-content\/uploads\/sites\/27\/2022\/09\/P05_logo_braun.png","width":457,"height":600,"caption":"Restaurant Pfarrwirt"},"image":{"@id":"https:\/\/pfarrwirt.pfarrplatz.vollwerbung.at\/#\/schema\/logo\/image\/"},"sameAs":["https:\/\/www.facebook.com\/mayerampfarrplatz","https:\/\/www.instagram.com\/mayerampfarrplatz.pfarrwirt\/"]}]}},"_links":{"self":[{"href":"https:\/\/pfarrwirt.pfarrplatz.vollwerbung.at\/en\/wp-json\/wp\/v2\/pages\/6132","targetHints":{"allow":["GET"]}}],"collection":[{"href":"https:\/\/pfarrwirt.pfarrplatz.vollwerbung.at\/en\/wp-json\/wp\/v2\/pages"}],"about":[{"href":"https:\/\/pfarrwirt.pfarrplatz.vollwerbung.at\/en\/wp-json\/wp\/v2\/types\/page"}],"author":[{"embeddable":true,"href":"https:\/\/pfarrwirt.pfarrplatz.vollwerbung.at\/en\/wp-json\/wp\/v2\/users\/584"}],"replies":[{"embeddable":true,"href":"https:\/\/pfarrwirt.pfarrplatz.vollwerbung.at\/en\/wp-json\/wp\/v2\/comments?post=6132"}],"version-history":[{"count":5,"href":"https:\/\/pfarrwirt.pfarrplatz.vollwerbung.at\/en\/wp-json\/wp\/v2\/pages\/6132\/revisions"}],"predecessor-version":[{"id":10915,"href":"https:\/\/pfarrwirt.pfarrplatz.vollwerbung.at\/en\/wp-json\/wp\/v2\/pages\/6132\/revisions\/10915"}],"wp:attachment":[{"href":"https:\/\/pfarrwirt.pfarrplatz.vollwerbung.at\/en\/wp-json\/wp\/v2\/media?parent=6132"}],"curies":[{"name":"wp","href":"https:\/\/api.w.org\/{rel}","templated":true}]}}